{"id":1326,"date":"2025-02-24T14:22:21","date_gmt":"2025-02-24T14:22:21","guid":{"rendered":"http:\/\/www.lomapaloma.es\/services\/"},"modified":"2026-01-12T18:55:29","modified_gmt":"2026-01-12T17:55:29","slug":"excursions","status":"publish","type":"page","link":"https:\/\/www.lomapaloma.es\/en\/excursions\/","title":{"rendered":"Excursions"},"content":{"rendered":"<div class=\"wp-block-uagb-container uagb-block-ae0bc409 alignfull uagb-is-root-container\"><div class=\"uagb-container-inner-blocks-wrap\">\n<div class=\"wp-block-uagb-advanced-heading uagb-block-8a1eebc0\"><h1 class=\"uagb-heading-text\">Our Excursions<\/h1><\/div>\n<\/div><\/div>\n\n\n\n<div class=\"wp-block-uagb-container uagb-block-6999b479 alignfull uagb-is-root-container\"><div class=\"uagb-container-inner-blocks-wrap\">\n<h2 class=\"wp-block-heading has-text-align-center\">Unique Experiences and Hidden Gems<\/h2>\n<\/div><\/div>\n\n\n\n<div class=\"wp-block-uagb-container uagb-block-72514f6d alignfull uagb-is-root-container\"><div class=\"uagb-container-inner-blocks-wrap\">\n<div class=\"wp-block-uagb-advanced-heading uagb-block-b317ae0b\"><p class=\"uagb-desc-text translation-block\">At Lomapaloma, we believe the best travel experiences happen off the beaten path. We offer intimate, small-group tours that take you beyond the typical tourist spots, revealing hidden gems and untold stories of the Costa del Sol. With a personal touch and a passion for unique destinations, we bring you closer to the culture, history, and beauty of southern Spain\u2014one unforgettable journey at a time.\nJoin us and see a different side of the Costa del Sol.<\/p><\/div>\n<\/div><\/div>\n\n\n\n<div class=\"wp-block-uagb-container uagb-block-a12642b7 alignfull uagb-is-root-container\"><div class=\"uagb-container-inner-blocks-wrap\">\n\t\t\t<div class=\"wp-block-uagb-post-grid uagb-post-grid  uagb-post__image-position-top uagb-post__image-enabled uagb-block-147934a9     uagb-post__items uagb-post__columns-3 is-grid uagb-post__columns-tablet-2 uagb-post__columns-mobile-1 uagb-post__equal-height\" data-total=\"2\" style=\"\">\n\n\t\t\t\t\t\t\t\t\t\t\t\t<article class=\"uagb-post__inner-wrap\">\t\t\t\t\t\t\t\t<div class='uagb-post__image'>\n\t\t\t\t\t\t\t\t\t<a href=\"https:\/\/www.lomapaloma.es\/en\/mijas-pueblo-2-3\/\" target=\"_self\" rel=\"bookmark noopener noreferrer\" class='uagb-image-ratio-1-1'><img loading=\"lazy\" decoding=\"async\" width=\"1024\" height=\"768\" src=\"https:\/\/www.lomapaloma.es\/wp-content\/uploads\/2025\/02\/Mijaspueblo-main-photo-1024x768.jpeg\" class=\"attachment-large size-large\" alt=\"\" srcset=\"https:\/\/www.lomapaloma.es\/wp-content\/uploads\/2025\/02\/Mijaspueblo-main-photo-1024x768.jpeg 1024w, https:\/\/www.lomapaloma.es\/wp-content\/uploads\/2025\/02\/Mijaspueblo-main-photo-300x225.jpeg 300w, https:\/\/www.lomapaloma.es\/wp-content\/uploads\/2025\/02\/Mijaspueblo-main-photo-768x576.jpeg 768w, https:\/\/www.lomapaloma.es\/wp-content\/uploads\/2025\/02\/Mijaspueblo-main-photo-1536x1152.jpeg 1536w\" sizes=\"auto, (max-width: 1024px) 100vw, 1024px\" \/>\t\t\t\t\t<\/a>\n\t\t\t\t\t\t\t<\/div>\n\t\t\t\t\t\t<h4 class=\"uagb-post__title uagb-post__text\">\n\t\t\t\t<a href=\"https:\/\/www.lomapaloma.es\/en\/mijas-pueblo-2-3\/\" target=\"_self\" rel=\"bookmark noopener noreferrer\">Mijas Pueblo<\/a>\n\t\t\t<\/h4>\n\t\t\t\t\t\t<div class='uagb-post__text uagb-post-grid-byline'>\n\t\t\t\t\t\t\t<\/div>\n\t\t\t\t\t\t\t<div class='uagb-post__text uagb-post__excerpt'>\n\t\t\t\t\t<p>Discover the fascinating past of beautiful Mijas Pueblo and hear the village\u2019s most captivating stories with us. Even if you\u2019ve visited the white village of Mijas Pueblo before, this tour will let you see it in a completely new light.\t\t\t\t<\/div>\n\t\t\t\t\t\t<div class=\"uagb-post__text uagb-post__cta wp-block-button\">\n\t\t\t\t<a class=\"wp-block-button__link uagb-text-link\" style=\"\" href=\"https:\/\/www.lomapaloma.es\/en\/mijas-pueblo-2-3\/\" target=\"_self\" rel=\"bookmark noopener noreferrer\">Read more<\/a>\n\t\t\t<\/div>\n\t\t\t\n\t\t\t\t\t\t\t\t\t<\/article>\n\t\t\t\t\t\t\t\t\t\t\t\t\t\t\t\t<article class=\"uagb-post__inner-wrap\">\t\t\t\t\t\t\t\t<div class='uagb-post__image'>\n\t\t\t\t\t\t\t\t\t<a href=\"https:\/\/www.lomapaloma.es\/en\/torremolinos\/\" target=\"_self\" rel=\"bookmark noopener noreferrer\" class='uagb-image-ratio-1-1'><img loading=\"lazy\" decoding=\"async\" width=\"1024\" height=\"576\" src=\"https:\/\/www.lomapaloma.es\/wp-content\/uploads\/2026\/02\/IMG_6707-1024x576.jpeg\" class=\"attachment-large size-large\" alt=\"\" srcset=\"https:\/\/www.lomapaloma.es\/wp-content\/uploads\/2026\/02\/IMG_6707-1024x576.jpeg 1024w, https:\/\/www.lomapaloma.es\/wp-content\/uploads\/2026\/02\/IMG_6707-300x169.jpeg 300w, https:\/\/www.lomapaloma.es\/wp-content\/uploads\/2026\/02\/IMG_6707-768x432.jpeg 768w, https:\/\/www.lomapaloma.es\/wp-content\/uploads\/2026\/02\/IMG_6707-1536x864.jpeg 1536w, https:\/\/www.lomapaloma.es\/wp-content\/uploads\/2026\/02\/IMG_6707-2048x1152.jpeg 2048w, https:\/\/www.lomapaloma.es\/wp-content\/uploads\/2026\/02\/IMG_6707-18x10.jpeg 18w\" sizes=\"auto, (max-width: 1024px) 100vw, 1024px\" \/>\t\t\t\t\t<\/a>\n\t\t\t\t\t\t\t<\/div>\n\t\t\t\t\t\t<h4 class=\"uagb-post__title uagb-post__text\">\n\t\t\t\t<a href=\"https:\/\/www.lomapaloma.es\/en\/torremolinos\/\" target=\"_self\" rel=\"bookmark noopener noreferrer\">Torremolinos and Benalm\u00e1dena Puerto<\/a>\n\t\t\t<\/h4>\n\t\t\t\t\t\t<div class='uagb-post__text uagb-post-grid-byline'>\n\t\t\t\t\t\t\t<\/div>\n\t\t\t\t\t\t\t<div class='uagb-post__text uagb-post__excerpt'>\n\t\t\t\t\t<p>A famous coastal walk, local flavours and stories from history \u2013 this is a stroll where the past and present of the Costa del Sol meet.\t\t\t\t<\/div>\n\t\t\t\t\t\t<div class=\"uagb-post__text uagb-post__cta wp-block-button\">\n\t\t\t\t<a class=\"wp-block-button__link uagb-text-link\" style=\"\" href=\"https:\/\/www.lomapaloma.es\/en\/torremolinos\/\" target=\"_self\" rel=\"bookmark noopener noreferrer\">Read more<\/a>\n\t\t\t<\/div>\n\t\t\t\n\t\t\t\t\t\t\t\t\t<\/article>\n\t\t\t\t\t\t\t\t\t\t\t\t\t\t\t\t<article class=\"uagb-post__inner-wrap\">\t\t\t\t\t\t\t\t<div class='uagb-post__image'>\n\t\t\t\t\t\t\t\t\t<a href=\"https:\/\/www.lomapaloma.es\/en\/mijas-pueblo-2-2\/\" target=\"_self\" rel=\"bookmark noopener noreferrer\" class='uagb-image-ratio-1-1'><img loading=\"lazy\" decoding=\"async\" width=\"1024\" height=\"576\" src=\"https:\/\/www.lomapaloma.es\/wp-content\/uploads\/2026\/01\/Mijas-Pueblo-museo-tyokaluja-1024x576.jpg\" class=\"attachment-large size-large\" alt=\"\" srcset=\"https:\/\/www.lomapaloma.es\/wp-content\/uploads\/2026\/01\/Mijas-Pueblo-museo-tyokaluja-1024x576.jpg 1024w, https:\/\/www.lomapaloma.es\/wp-content\/uploads\/2026\/01\/Mijas-Pueblo-museo-tyokaluja-300x169.jpg 300w, https:\/\/www.lomapaloma.es\/wp-content\/uploads\/2026\/01\/Mijas-Pueblo-museo-tyokaluja-768x432.jpg 768w, https:\/\/www.lomapaloma.es\/wp-content\/uploads\/2026\/01\/Mijas-Pueblo-museo-tyokaluja-1536x864.jpg 1536w, https:\/\/www.lomapaloma.es\/wp-content\/uploads\/2026\/01\/Mijas-Pueblo-museo-tyokaluja-2048x1152.jpg 2048w, https:\/\/www.lomapaloma.es\/wp-content\/uploads\/2026\/01\/Mijas-Pueblo-museo-tyokaluja-18x10.jpg 18w\" sizes=\"auto, (max-width: 1024px) 100vw, 1024px\" \/>\t\t\t\t\t<\/a>\n\t\t\t\t\t\t\t<\/div>\n\t\t\t\t\t\t<h4 class=\"uagb-post__title uagb-post__text\">\n\t\t\t\t<a href=\"https:\/\/www.lomapaloma.es\/en\/mijas-pueblo-2-2\/\" target=\"_self\" rel=\"bookmark noopener noreferrer\">Mijas Pueblo museum<\/a>\n\t\t\t<\/h4>\n\t\t\t\t\t\t<div class='uagb-post__text uagb-post-grid-byline'>\n\t\t\t\t\t\t\t<\/div>\n\t\t\t\t\t\t\t<div class='uagb-post__text uagb-post__excerpt'>\n\t\t\t\t\t<p>Discover Mijas Pueblo Museum with us \u2014 a charming window into everyday life in rural Andalusia, complete with a fascinating story about the village\u2019s former mayor.\t\t\t\t<\/div>\n\t\t\t\t\t\t<div class=\"uagb-post__text uagb-post__cta wp-block-button\">\n\t\t\t\t<a class=\"wp-block-button__link uagb-text-link\" style=\"\" href=\"https:\/\/www.lomapaloma.es\/en\/mijas-pueblo-2-2\/\" target=\"_self\" rel=\"bookmark noopener noreferrer\">Read more<\/a>\n\t\t\t<\/div>\n\t\t\t\n\t\t\t\t\t\t\t\t\t<\/article>\n\t\t\t\t\t\t\t\t\t\t\t\t\t\t\t\t<article class=\"uagb-post__inner-wrap\">\t\t\t\t\t\t\t\t<div class='uagb-post__image'>\n\t\t\t\t\t\t\t\t\t<a href=\"https:\/\/www.lomapaloma.es\/en\/malaga\/\" target=\"_self\" rel=\"bookmark noopener noreferrer\" class='uagb-image-ratio-1-1'><img loading=\"lazy\" decoding=\"async\" width=\"1024\" height=\"576\" src=\"https:\/\/www.lomapaloma.es\/wp-content\/uploads\/2025\/02\/Malaga_main-photo-1024x576.jpeg\" class=\"attachment-large size-large\" alt=\"\" srcset=\"https:\/\/www.lomapaloma.es\/wp-content\/uploads\/2025\/02\/Malaga_main-photo-1024x576.jpeg 1024w, https:\/\/www.lomapaloma.es\/wp-content\/uploads\/2025\/02\/Malaga_main-photo-300x169.jpeg 300w, https:\/\/www.lomapaloma.es\/wp-content\/uploads\/2025\/02\/Malaga_main-photo-768x432.jpeg 768w, https:\/\/www.lomapaloma.es\/wp-content\/uploads\/2025\/02\/Malaga_main-photo-1536x864.jpeg 1536w, https:\/\/www.lomapaloma.es\/wp-content\/uploads\/2025\/02\/Malaga_main-photo-2048x1152.jpeg 2048w\" sizes=\"auto, (max-width: 1024px) 100vw, 1024px\" \/>\t\t\t\t\t<\/a>\n\t\t\t\t\t\t\t<\/div>\n\t\t\t\t\t\t<h4 class=\"uagb-post__title uagb-post__text\">\n\t\t\t\t<a href=\"https:\/\/www.lomapaloma.es\/en\/malaga\/\" target=\"_self\" rel=\"bookmark noopener noreferrer\">M\u00e1laga Old Town<\/a>\n\t\t\t<\/h4>\n\t\t\t\t\t\t<div class='uagb-post__text uagb-post-grid-byline'>\n\t\t\t\t\t\t\t<\/div>\n\t\t\t\t\t\t\t<div class='uagb-post__text uagb-post__excerpt'>\n\t\t\t\t\t<p>In M\u00e1laga\u2019s Old Town, history meets the charm of narrow, atmospheric streets. We\u2019ll explore some of the area\u2019s most iconic landmarks together while soaking up its unique and vibrant atmosphere.\t\t\t\t<\/div>\n\t\t\t\t\t\t<div class=\"uagb-post__text uagb-post__cta wp-block-button\">\n\t\t\t\t<a class=\"wp-block-button__link uagb-text-link\" style=\"\" href=\"https:\/\/www.lomapaloma.es\/en\/malaga\/\" target=\"_self\" rel=\"bookmark noopener noreferrer\">Read more<\/a>\n\t\t\t<\/div>\n\t\t\t\n\t\t\t\t\t\t\t\t\t<\/article>\n\t\t\t\t\t\t\t\t\t\t\t\t\t\t\t\t<article class=\"uagb-post__inner-wrap\">\t\t\t\t\t\t\t\t<div class='uagb-post__image'>\n\t\t\t\t\t\t\t\t\t<a href=\"https:\/\/www.lomapaloma.es\/en\/pizarra-2\/\" target=\"_self\" rel=\"bookmark noopener noreferrer\" class='uagb-image-ratio-1-1'><img loading=\"lazy\" decoding=\"async\" width=\"1024\" height=\"768\" src=\"https:\/\/www.lomapaloma.es\/wp-content\/uploads\/2026\/01\/pizarra-maisema-1024x768.jpg\" class=\"attachment-large size-large\" alt=\"\" srcset=\"https:\/\/www.lomapaloma.es\/wp-content\/uploads\/2026\/01\/pizarra-maisema-1024x768.jpg 1024w, https:\/\/www.lomapaloma.es\/wp-content\/uploads\/2026\/01\/pizarra-maisema-300x225.jpg 300w, https:\/\/www.lomapaloma.es\/wp-content\/uploads\/2026\/01\/pizarra-maisema-768x576.jpg 768w, https:\/\/www.lomapaloma.es\/wp-content\/uploads\/2026\/01\/pizarra-maisema-1536x1152.jpg 1536w, https:\/\/www.lomapaloma.es\/wp-content\/uploads\/2026\/01\/pizarra-maisema-16x12.jpg 16w\" sizes=\"auto, (max-width: 1024px) 100vw, 1024px\" \/>\t\t\t\t\t<\/a>\n\t\t\t\t\t\t\t<\/div>\n\t\t\t\t\t\t<h4 class=\"uagb-post__title uagb-post__text\">\n\t\t\t\t<a href=\"https:\/\/www.lomapaloma.es\/en\/pizarra-2\/\" target=\"_self\" rel=\"bookmark noopener noreferrer\">Pizarra<\/a>\n\t\t\t<\/h4>\n\t\t\t\t\t\t<div class='uagb-post__text uagb-post-grid-byline'>\n\t\t\t\t\t\t\t<\/div>\n\t\t\t\t\t\t\t<div class='uagb-post__text uagb-post__excerpt'>\n\t\t\t\t\t<p>A leisurely hike to the 447-meter-high summit of Sierra Gibralmora, following a scenic nature trail full of fascinating sights. Along the way, you\u2019ll encounter impressive stone carvings and other hidden surprises that make the journey just as rewarding as the destination.\t\t\t\t<\/div>\n\t\t\t\t\t\t<div class=\"uagb-post__text uagb-post__cta wp-block-button\">\n\t\t\t\t<a class=\"wp-block-button__link uagb-text-link\" style=\"\" href=\"https:\/\/www.lomapaloma.es\/en\/pizarra-2\/\" target=\"_self\" rel=\"bookmark noopener noreferrer\">Read more<\/a>\n\t\t\t<\/div>\n\t\t\t\n\t\t\t\t\t\t\t\t\t<\/article>\n\t\t\t\t\t\t\t\t\t\t\t\t\t\t\t\t<article class=\"uagb-post__inner-wrap\">\t\t\t\t\t\t\t\t<div class='uagb-post__image'>\n\t\t\t\t\t\t\t\t\t<a href=\"https:\/\/www.lomapaloma.es\/en\/cuevas-del-tesoro\/\" target=\"_self\" rel=\"bookmark noopener noreferrer\" class='uagb-image-ratio-1-1'><img loading=\"lazy\" decoding=\"async\" width=\"1024\" height=\"576\" src=\"https:\/\/www.lomapaloma.es\/wp-content\/uploads\/2025\/02\/Tesoro_main-photo-1024x576.jpeg\" class=\"attachment-large size-large\" alt=\"\" srcset=\"https:\/\/www.lomapaloma.es\/wp-content\/uploads\/2025\/02\/Tesoro_main-photo-1024x576.jpeg 1024w, https:\/\/www.lomapaloma.es\/wp-content\/uploads\/2025\/02\/Tesoro_main-photo-300x169.jpeg 300w, https:\/\/www.lomapaloma.es\/wp-content\/uploads\/2025\/02\/Tesoro_main-photo-768x432.jpeg 768w, https:\/\/www.lomapaloma.es\/wp-content\/uploads\/2025\/02\/Tesoro_main-photo-1536x864.jpeg 1536w, https:\/\/www.lomapaloma.es\/wp-content\/uploads\/2025\/02\/Tesoro_main-photo-2048x1152.jpeg 2048w\" sizes=\"auto, (max-width: 1024px) 100vw, 1024px\" \/>\t\t\t\t\t<\/a>\n\t\t\t\t\t\t\t<\/div>\n\t\t\t\t\t\t<h4 class=\"uagb-post__title uagb-post__text\">\n\t\t\t\t<a href=\"https:\/\/www.lomapaloma.es\/en\/cuevas-del-tesoro\/\" target=\"_self\" rel=\"bookmark noopener noreferrer\">Cueva del Tesoro<\/a>\n\t\t\t<\/h4>\n\t\t\t\t\t\t<div class='uagb-post__text uagb-post-grid-byline'>\n\t\t\t\t\t\t\t<\/div>\n\t\t\t\t\t\t\t<div class='uagb-post__text uagb-post__excerpt'>\n\t\t\t\t\tJoin us on a fascinating journey that combines mystical treasure caves with breathtaking coastal cliffs. We\u2019ll first explore the intriguing Cuevas del Tesoro caves before walking along a scenic coastal trail that leads us through an old railway tunnel turned pedestrian walkway.\t\t\t\t<\/div>\n\t\t\t\t\t\t<div class=\"uagb-post__text uagb-post__cta wp-block-button\">\n\t\t\t\t<a class=\"wp-block-button__link uagb-text-link\" style=\"\" href=\"https:\/\/www.lomapaloma.es\/en\/cuevas-del-tesoro\/\" target=\"_self\" rel=\"bookmark noopener noreferrer\">Read more<\/a>\n\t\t\t<\/div>\n\t\t\t\n\t\t\t\t\t\t\t\t\t<\/article>\n\t\t\t\t\t\t\t\t\t\t\t<\/div>\n\t\t\t<\/div><\/div>\n\n\n\n<p><\/p>","protected":false},"excerpt":{"rendered":"<p>Retkemme R\u00e4\u00e4t\u00e4l\u00f6ityj\u00e4 el\u00e4myksi\u00e4 ja kiehtovia kohteita Lomapaloma j\u00e4rjest\u00e4\u00e4 persoonallisia retki\u00e4, joilla tutustut Aurinkorannikon ja sen l\u00e4hialueiden kiehtovaan historiaan, kulttuuriin ja ainutlaatuisiin tarinoihin pieness\u00e4 ryhm\u00e4ss\u00e4 &#8211; tai halutessasi vain oman porukkasi kesken. Emme kierr\u00e4 pelk\u00e4st\u00e4\u00e4n kuuluisimpia turistin\u00e4ht\u00e4vyyksi\u00e4 ja kerro samoja tarinoita kuin kaikki muut \u2013 me haluamme n\u00e4ytt\u00e4\u00e4 ja kertoa sinulle jotakin erilaista.L\u00e4hde mukaan kokemaan Espanjan [&hellip;]<\/p>\n","protected":false},"author":1,"featured_media":0,"parent":0,"menu_order":0,"comment_status":"closed","ping_status":"closed","template":"","meta":{"_uag_custom_page_level_css":"","site-sidebar-layout":"no-sidebar","site-content-layout":"page-builder","ast-site-content-layout":"full-width-container","site-content-style":"unboxed","site-sidebar-style":"unboxed","ast-global-header-display":"","ast-banner-title-visibility":"","ast-main-header-display":"","ast-hfb-above-header-display":"","ast-hfb-below-header-display":"","ast-hfb-mobile-header-display":"","site-post-title":"disabled","ast-breadcrumbs-content":"","ast-featured-img":"disabled","footer-sml-layout":"","ast-disable-related-posts":"","theme-transparent-header-meta":"enabled","adv-header-id-meta":"","stick-header-meta":"","header-above-stick-meta":"","header-main-stick-meta":"","header-below-stick-meta":"","astra-migrate-meta-layouts":"set","ast-page-background-enabled":"default","ast-page-background-meta":{"desktop":{"background-color":"var(--ast-global-color-4)","background-image":"","background-repeat":"repeat","background-position":"center center","background-size":"auto","background-attachment":"scroll","background-type":"","background-media":"","overlay-type":"","overlay-color":"","overlay-opacity":"","overlay-gradient":""},"tablet":{"background-color":"","background-image":"","background-repeat":"repeat","background-position":"center center","background-size":"auto","background-attachment":"scroll","background-type":"","background-media":"","overlay-type":"","overlay-color":"","overlay-opacity":"","overlay-gradient":""},"mobile":{"background-color":"","background-image":"","background-repeat":"repeat","background-position":"center center","background-size":"auto","background-attachment":"scroll","background-type":"","background-media":"","overlay-type":"","overlay-color":"","overlay-opacity":"","overlay-gradient":""}},"ast-content-background-meta":{"desktop":{"background-color":"var(--ast-global-color-5)","background-image":"","background-repeat":"repeat","background-position":"center center","background-size":"auto","background-attachment":"scroll","background-type":"","background-media":"","overlay-type":"","overlay-color":"","overlay-opacity":"","overlay-gradient":""},"tablet":{"background-color":"var(--ast-global-color-5)","background-image":"","background-repeat":"repeat","background-position":"center center","background-size":"auto","background-attachment":"scroll","background-type":"","background-media":"","overlay-type":"","overlay-color":"","overlay-opacity":"","overlay-gradient":""},"mobile":{"background-color":"var(--ast-global-color-5)","background-image":"","background-repeat":"repeat","background-position":"center center","background-size":"auto","background-attachment":"scroll","background-type":"","background-media":"","overlay-type":"","overlay-color":"","overlay-opacity":"","overlay-gradient":""}},"footnotes":""},"class_list":["post-1326","page","type-page","status-publish","hentry"],"uagb_featured_image_src":{"full":false,"thumbnail":false,"medium":false,"medium_large":false,"large":false,"1536x1536":false,"2048x2048":false,"trp-custom-language-flag":false},"uagb_author_info":{"display_name":"admin","author_link":"https:\/\/www.lomapaloma.es\/en\/author\/admin\/"},"uagb_comment_info":0,"uagb_excerpt":"Retkemme R\u00e4\u00e4t\u00e4l\u00f6ityj\u00e4 el\u00e4myksi\u00e4 ja kiehtovia kohteita Lomapaloma j\u00e4rjest\u00e4\u00e4 persoonallisia retki\u00e4, joilla tutustut Aurinkorannikon ja sen l\u00e4hialueiden kiehtovaan historiaan, kulttuuriin ja ainutlaatuisiin tarinoihin pieness\u00e4 ryhm\u00e4ss\u00e4 &#8211; tai halutessasi vain oman porukkasi kesken. Emme kierr\u00e4 pelk\u00e4st\u00e4\u00e4n kuuluisimpia turistin\u00e4ht\u00e4vyyksi\u00e4 ja kerro samoja tarinoita kuin kaikki muut \u2013 me haluamme n\u00e4ytt\u00e4\u00e4 ja kertoa sinulle jotakin erilaista.L\u00e4hde mukaan kokemaan Espanjan&hellip;","jetpack_sharing_enabled":true,"_links":{"self":[{"href":"https:\/\/www.lomapaloma.es\/en\/wp-json\/wp\/v2\/pages\/1326","targetHints":{"allow":["GET"]}}],"collection":[{"href":"https:\/\/www.lomapaloma.es\/en\/wp-json\/wp\/v2\/pages"}],"about":[{"href":"https:\/\/www.lomapaloma.es\/en\/wp-json\/wp\/v2\/types\/page"}],"author":[{"embeddable":true,"href":"https:\/\/www.lomapaloma.es\/en\/wp-json\/wp\/v2\/users\/1"}],"replies":[{"embeddable":true,"href":"https:\/\/www.lomapaloma.es\/en\/wp-json\/wp\/v2\/comments?post=1326"}],"version-history":[{"count":11,"href":"https:\/\/www.lomapaloma.es\/en\/wp-json\/wp\/v2\/pages\/1326\/revisions"}],"predecessor-version":[{"id":3059,"href":"https:\/\/www.lomapaloma.es\/en\/wp-json\/wp\/v2\/pages\/1326\/revisions\/3059"}],"wp:attachment":[{"href":"https:\/\/www.lomapaloma.es\/en\/wp-json\/wp\/v2\/media?parent=1326"}],"curies":[{"name":"wp","href":"https:\/\/api.w.org\/{rel}","templated":true}]}}