{"id":1324,"date":"2025-02-24T14:22:21","date_gmt":"2025-02-24T14:22:21","guid":{"rendered":"http:\/\/www.lomapaloma.es\/about\/"},"modified":"2026-01-15T22:20:37","modified_gmt":"2026-01-15T21:20:37","slug":"about","status":"publish","type":"page","link":"https:\/\/www.lomapaloma.es\/en\/about\/","title":{"rendered":"About us"},"content":{"rendered":"<div class=\"wp-block-uagb-container uagb-block-3ad17e27 alignfull uagb-is-root-container\"><div class=\"uagb-container-inner-blocks-wrap\">\n<div class=\"wp-block-uagb-advanced-heading uagb-block-8a1eebc0\"><h1 class=\"uagb-heading-text\">About us<\/h1><\/div>\n<\/div><\/div>\n\n\n\n<div class=\"wp-block-uagb-container uagb-block-f8ec2bd3 alignfull uagb-is-root-container\"><div class=\"uagb-container-inner-blocks-wrap\">\n<div class=\"wp-block-uagb-advanced-heading uagb-block-e874992d\"><h3 class=\"uagb-heading-text\"><br>Let Spain Surprise You \u2013 With Us<\/h3><\/div>\n\n\n\n<div class=\"wp-block-columns is-layout-flex wp-container-core-columns-is-layout-1 wp-block-columns-is-layout-flex\">\n<div class=\"wp-block-column is-layout-flow wp-block-column-is-layout-flow\" style=\"flex-basis:100%\">\n<div class=\"wp-block-uagb-container uagb-block-72514f6d\">\n<div class=\"wp-block-uagb-advanced-heading uagb-block-b317ae0b\"><p class=\"uagb-desc-text\">We are Virva and Juhani, a Finnish couple who founded Lomapaloma in Spain out of love for Andalusia, its fascinating history, and diverse natural beauty. We want to share the region\u2019s captivating stories and hidden gems through relaxed, unhurried tours \u2013 free from the crowds of large tourist groups.<br><br><strong>Small Group \u2013 Big Experience<\/strong><br>We keep our groups small and<strong> <\/strong>our schedules<strong> <\/strong>flexible to ensure a friendly, personal atmosphere. Traveling with us is safe and effortless \u2013 just like exploring with friends.<br><br><strong>Stories and Details<\/strong><br>We don\u2019t just take you to the sights \u2013 we tell their stories and bring even familiar places to life in new ways. We are fascinated by legends, people, and little details that often go unnoticed in larger groups.<br><br><strong>Andalusia at Heart<\/strong><br>Lomapaloma is more than a business for us \u2013 it\u2019s a way to share our love for Andalusia and its many stories. We want everyone who joins our tours to go home a little richer \u2013 not just with photographs, but with new insights and warm memories.<br>Welcome to join us \u2013 not as a tourist, but as a guest.<br><br>LomaPaloma SL<br>NIF: B75536656<br>Home: Mijas (M\u00e1laga), Spain<br>Email: info@lomapaloma.es<\/p><\/div>\n<\/div>\n<\/div>\n<\/div>\n<\/div><\/div>\n\n\n\n<div class=\"wp-block-uagb-container uagb-block-61e8ac2a alignfull uagb-is-root-container\"><div class=\"uagb-container-inner-blocks-wrap\">\n<div class=\"wp-block-uagb-image aligncenter uagb-block-052b1f4c wp-block-uagb-image--layout-default wp-block-uagb-image--effect-static wp-block-uagb-image--align-center\"><figure class=\"wp-block-uagb-image__figure\"><img decoding=\"async\" srcset=\"https:\/\/www.lomapaloma.es\/wp-content\/uploads\/2021\/11\/quotes.svg ,https:\/\/www.lomapaloma.es\/wp-content\/uploads\/2021\/11\/quotes.svg 780w, https:\/\/www.lomapaloma.es\/wp-content\/uploads\/2021\/11\/quotes.svg 360w\" sizes=\"auto, (max-width: 480px) 150px\" src=\"https:\/\/www.lomapaloma.es\/wp-content\/uploads\/2021\/11\/quotes.svg\" alt=\"\" class=\"uag-image-117\" width=\"37\" height=\"38\" title=\"quotes\" loading=\"lazy\" role=\"img\"\/><\/figure><\/div>\n\n\n\n<div class=\"wp-block-uagb-info-box uagb-block-54aaf525 uagb-infobox__content-wrap  uagb-infobox-icon-below-title uagb-infobox-image-valign-top\"><div class=\"uagb-ifb-content\"><div class=\"uagb-ifb-title-wrap\"><h4 class=\"uagb-ifb-title\">\"Every place has a story - come and hear it with us.\"<\/h4><\/div><\/div><\/div>\n<\/div><\/div>","protected":false},"excerpt":{"rendered":"<p>Tietoa meist\u00e4 Anna Espanjan yll\u00e4tt\u00e4\u00e4 \u2013 meid\u00e4n kanssamme. Me olemme&nbsp;Virva ja Juhani, suomalainen pariskunta, joka perusti Lomapaloman Espanjaan rakkaudesta Andalusiaan ja sen mielenkiintoiseen historiaan ja monipuoliseen luontoon. Haluamme jakaa t\u00e4m\u00e4n alueen kiehtovat tarinat ja piilotetut helmet rennosti etenevien retkien muodossa \u2013 ilman kiirett\u00e4 ja suurten turistiryhmien tungosta. Pieni ryhm\u00e4 \u2013 suuri kokemusPid\u00e4mme ryhm\u00e4mme&nbsp;pienin\u00e4 ja aikataulut [&hellip;]<\/p>\n","protected":false},"author":1,"featured_media":2872,"parent":0,"menu_order":0,"comment_status":"closed","ping_status":"closed","template":"","meta":{"_uag_custom_page_level_css":"","site-sidebar-layout":"no-sidebar","site-content-layout":"page-builder","ast-site-content-layout":"full-width-container","site-content-style":"unboxed","site-sidebar-style":"default","ast-global-header-display":"","ast-banner-title-visibility":"","ast-main-header-display":"","ast-hfb-above-header-display":"","ast-hfb-below-header-display":"","ast-hfb-mobile-header-display":"","site-post-title":"disabled","ast-breadcrumbs-content":"","ast-featured-img":"","footer-sml-layout":"","ast-disable-related-posts":"","theme-transparent-header-meta":"enabled","adv-header-id-meta":"","stick-header-meta":"","header-above-stick-meta":"","header-main-stick-meta":"","header-below-stick-meta":"","astra-migrate-meta-layouts":"set","ast-page-background-enabled":"default","ast-page-background-meta":{"desktop":{"background-color":"var(--ast-global-color-4)","background-image":"","background-repeat":"repeat","background-position":"center center","background-size":"auto","background-attachment":"scroll","background-type":"","background-media":"","overlay-type":"","overlay-color":"","overlay-opacity":"","overlay-gradient":""},"tablet":{"background-color":"","background-image":"","background-repeat":"repeat","background-position":"center center","background-size":"auto","background-attachment":"scroll","background-type":"","background-media":"","overlay-type":"","overlay-color":"","overlay-opacity":"","overlay-gradient":""},"mobile":{"background-color":"","background-image":"","background-repeat":"repeat","background-position":"center center","background-size":"auto","background-attachment":"scroll","background-type":"","background-media":"","overlay-type":"","overlay-color":"","overlay-opacity":"","overlay-gradient":""}},"ast-content-background-meta":{"desktop":{"background-color":"var(--ast-global-color-5)","background-image":"","background-repeat":"repeat","background-position":"center center","background-size":"auto","background-attachment":"scroll","background-type":"","background-media":"","overlay-type":"","overlay-color":"","overlay-opacity":"","overlay-gradient":""},"tablet":{"background-color":"var(--ast-global-color-5)","background-image":"","background-repeat":"repeat","background-position":"center center","background-size":"auto","background-attachment":"scroll","background-type":"","background-media":"","overlay-type":"","overlay-color":"","overlay-opacity":"","overlay-gradient":""},"mobile":{"background-color":"var(--ast-global-color-5)","background-image":"","background-repeat":"repeat","background-position":"center center","background-size":"auto","background-attachment":"scroll","background-type":"","background-media":"","overlay-type":"","overlay-color":"","overlay-opacity":"","overlay-gradient":""}},"footnotes":""},"class_list":["post-1324","page","type-page","status-publish","has-post-thumbnail","hentry"],"uagb_featured_image_src":{"full":["https:\/\/www.lomapaloma.es\/wp-content\/uploads\/2025\/03\/IMG_6484.jpeg",2048,1536,false],"thumbnail":["https:\/\/www.lomapaloma.es\/wp-content\/uploads\/2025\/03\/IMG_6484-150x150.jpeg",150,150,true],"medium":["https:\/\/www.lomapaloma.es\/wp-content\/uploads\/2025\/03\/IMG_6484-300x225.jpeg",300,225,true],"medium_large":["https:\/\/www.lomapaloma.es\/wp-content\/uploads\/2025\/03\/IMG_6484-768x576.jpeg",768,576,true],"large":["https:\/\/www.lomapaloma.es\/wp-content\/uploads\/2025\/03\/IMG_6484-1024x768.jpeg",1024,768,true],"1536x1536":["https:\/\/www.lomapaloma.es\/wp-content\/uploads\/2025\/03\/IMG_6484-1536x1152.jpeg",1536,1152,true],"2048x2048":["https:\/\/www.lomapaloma.es\/wp-content\/uploads\/2025\/03\/IMG_6484.jpeg",2048,1536,false],"trp-custom-language-flag":["https:\/\/www.lomapaloma.es\/wp-content\/uploads\/2025\/03\/IMG_6484-16x12.jpeg",16,12,true]},"uagb_author_info":{"display_name":"admin","author_link":"https:\/\/www.lomapaloma.es\/en\/author\/admin\/"},"uagb_comment_info":0,"uagb_excerpt":"Tietoa meist\u00e4 Anna Espanjan yll\u00e4tt\u00e4\u00e4 \u2013 meid\u00e4n kanssamme. Me olemme&nbsp;Virva ja Juhani, suomalainen pariskunta, joka perusti Lomapaloman Espanjaan rakkaudesta Andalusiaan ja sen mielenkiintoiseen historiaan ja monipuoliseen luontoon. Haluamme jakaa t\u00e4m\u00e4n alueen kiehtovat tarinat ja piilotetut helmet rennosti etenevien retkien muodossa \u2013 ilman kiirett\u00e4 ja suurten turistiryhmien tungosta. Pieni ryhm\u00e4 \u2013 suuri kokemusPid\u00e4mme ryhm\u00e4mme&nbsp;pienin\u00e4 ja aikataulut&hellip;","jetpack_sharing_enabled":true,"_links":{"self":[{"href":"https:\/\/www.lomapaloma.es\/en\/wp-json\/wp\/v2\/pages\/1324","targetHints":{"allow":["GET"]}}],"collection":[{"href":"https:\/\/www.lomapaloma.es\/en\/wp-json\/wp\/v2\/pages"}],"about":[{"href":"https:\/\/www.lomapaloma.es\/en\/wp-json\/wp\/v2\/types\/page"}],"author":[{"embeddable":true,"href":"https:\/\/www.lomapaloma.es\/en\/wp-json\/wp\/v2\/users\/1"}],"replies":[{"embeddable":true,"href":"https:\/\/www.lomapaloma.es\/en\/wp-json\/wp\/v2\/comments?post=1324"}],"version-history":[{"count":18,"href":"https:\/\/www.lomapaloma.es\/en\/wp-json\/wp\/v2\/pages\/1324\/revisions"}],"predecessor-version":[{"id":3058,"href":"https:\/\/www.lomapaloma.es\/en\/wp-json\/wp\/v2\/pages\/1324\/revisions\/3058"}],"wp:featuredmedia":[{"embeddable":true,"href":"https:\/\/www.lomapaloma.es\/en\/wp-json\/wp\/v2\/media\/2872"}],"wp:attachment":[{"href":"https:\/\/www.lomapaloma.es\/en\/wp-json\/wp\/v2\/media?parent=1324"}],"curies":[{"name":"wp","href":"https:\/\/api.w.org\/{rel}","templated":true}]}}